{"id":18073,"date":"2022-01-15T19:44:35","date_gmt":"2022-01-15T19:44:35","guid":{"rendered":"https:\/\/www.klozers.com\/reservar-una-llamada\/"},"modified":"2025-08-26T15:49:12","modified_gmt":"2025-08-26T14:49:12","slug":"reservar-una-llamada","status":"publish","type":"page","link":"https:\/\/www.klozers.com\/es\/reservar-una-llamada\/","title":{"rendered":"Reservar una llamada"},"content":{"rendered":"\t\t<div data-elementor-type=\"wp-page\" data-elementor-id=\"18073\" class=\"elementor elementor-18073 elementor-10969\" data-elementor-post-type=\"page\">\n\t\t\t\t<div class=\"elementor-element elementor-element-68261e9 e-flex e-con-boxed e-con e-parent\" data-id=\"68261e9\" data-element_type=\"container\" data-e-type=\"container\" data-settings=\"{&quot;background_background&quot;:&quot;classic&quot;}\">\n\t\t\t\t\t<div class=\"e-con-inner\">\n\t\t\t\t<div class=\"elementor-element elementor-element-be0a1a7 elementor-widget elementor-widget-heading\" data-id=\"be0a1a7\" data-element_type=\"widget\" data-e-type=\"widget\" data-widget_type=\"heading.default\">\n\t\t\t\t\t<h1 class=\"elementor-heading-title elementor-size-default\">M\u00e1s de 300 empresas han transformado sus ventas con nuestro enfoque probado<\/h1>\t\t\t\t<\/div>\n\t\t\t\t\t<\/div>\n\t\t\t\t<\/div>\n\t\t<div class=\"elementor-element elementor-element-d2296e6 e-flex e-con-boxed e-con e-parent\" data-id=\"d2296e6\" data-element_type=\"container\" data-e-type=\"container\">\n\t\t\t\t\t<div class=\"e-con-inner\">\n\t\t<div class=\"elementor-element elementor-element-6c4ce49 e-con-full e-flex e-con e-child\" data-id=\"6c4ce49\" data-element_type=\"container\" data-e-type=\"container\">\n\t\t\t\t<div class=\"elementor-element elementor-element-1f4ee67 elementor-widget elementor-widget-heading\" data-id=\"1f4ee67\" data-element_type=\"widget\" data-e-type=\"widget\" data-widget_type=\"heading.default\">\n\t\t\t\t\t<h2 class=\"elementor-heading-title elementor-size-default\">Vendemos resultados, NO formaci\u00f3n<\/h2>\t\t\t\t<\/div>\n\t\t\t\t<div class=\"elementor-element elementor-element-78b38b9 elementor-widget elementor-widget-heading\" data-id=\"78b38b9\" data-element_type=\"widget\" data-e-type=\"widget\" data-widget_type=\"heading.default\">\n\t\t\t\t\t<h3 class=\"elementor-heading-title elementor-size-default\">Sin argumentos de venta. Ni consejos gen\u00e9ricos. <\/h3>\t\t\t\t<\/div>\n\t\t\t\t<div class=\"elementor-element elementor-element-1498d9a elementor-widget elementor-widget-text-editor\" data-id=\"1498d9a\" data-element_type=\"widget\" data-e-type=\"widget\" data-widget_type=\"text-editor.default\">\n\t\t\t\t\t\t\t\t\t<p class=\"form-description\">Obt\u00e9n una evaluaci\u00f3n sincera de tus retos de ventas y descubre estrategias espec\u00edficas que podr\u00edan funcionar para tu empresa y tu gente.<\/p>\t\t\t\t\t\t\t\t<\/div>\n\t\t\t\t<div class=\"elementor-element elementor-element-fdb5d71 elementor-icon-list--layout-traditional elementor-list-item-link-full_width elementor-widget elementor-widget-icon-list\" data-id=\"fdb5d71\" data-element_type=\"widget\" data-e-type=\"widget\" data-widget_type=\"icon-list.default\">\n\t\t\t\t\t\t\t<ul class=\"elementor-icon-list-items\">\n\t\t\t\t\t\t\t<li class=\"elementor-icon-list-item\">\n\t\t\t\t\t\t\t\t\t\t\t<span class=\"elementor-icon-list-icon\">\n\t\t\t\t\t\t\t<svg aria-hidden=\"true\" class=\"e-font-icon-svg e-fas-check\" viewBox=\"0 0 512 512\" xmlns=\"http:\/\/www.w3.org\/2000\/svg\"><path d=\"M173.898 439.404l-166.4-166.4c-9.997-9.997-9.997-26.206 0-36.204l36.203-36.204c9.997-9.998 26.207-9.998 36.204 0L192 312.69 432.095 72.596c9.997-9.997 26.207-9.997 36.204 0l36.203 36.204c9.997 9.997 9.997 26.206 0 36.204l-294.4 294.401c-9.998 9.997-26.207 9.997-36.204-.001z\"><\/path><\/svg>\t\t\t\t\t\t<\/span>\n\t\t\t\t\t\t\t\t\t\t<span class=\"elementor-icon-list-text\">Aumento de los ingresos del 11,6% en 90 d\u00edas<\/span>\n\t\t\t\t\t\t\t\t\t<\/li>\n\t\t\t\t\t\t\t\t<li class=\"elementor-icon-list-item\">\n\t\t\t\t\t\t\t\t\t\t\t<span class=\"elementor-icon-list-icon\">\n\t\t\t\t\t\t\t<svg aria-hidden=\"true\" class=\"e-font-icon-svg e-fas-check\" viewBox=\"0 0 512 512\" xmlns=\"http:\/\/www.w3.org\/2000\/svg\"><path d=\"M173.898 439.404l-166.4-166.4c-9.997-9.997-9.997-26.206 0-36.204l36.203-36.204c9.997-9.998 26.207-9.998 36.204 0L192 312.69 432.095 72.596c9.997-9.997 26.207-9.997 36.204 0l36.203 36.204c9.997 9.997 9.997 26.206 0 36.204l-294.4 294.401c-9.998 9.997-26.207 9.997-36.204-.001z\"><\/path><\/svg>\t\t\t\t\t\t<\/span>\n\t\t\t\t\t\t\t\t\t\t<span class=\"elementor-icon-list-text\">3 nuevas cuentas de empresa en 90 d\u00edas<\/span>\n\t\t\t\t\t\t\t\t\t<\/li>\n\t\t\t\t\t\t\t\t<li class=\"elementor-icon-list-item\">\n\t\t\t\t\t\t\t\t\t\t\t<span class=\"elementor-icon-list-icon\">\n\t\t\t\t\t\t\t<svg aria-hidden=\"true\" class=\"e-font-icon-svg e-fas-check\" viewBox=\"0 0 512 512\" xmlns=\"http:\/\/www.w3.org\/2000\/svg\"><path d=\"M173.898 439.404l-166.4-166.4c-9.997-9.997-9.997-26.206 0-36.204l36.203-36.204c9.997-9.998 26.207-9.998 36.204 0L192 312.69 432.095 72.596c9.997-9.997 26.207-9.997 36.204 0l36.203 36.204c9.997 9.997 9.997 26.206 0 36.204l-294.4 294.401c-9.998 9.997-26.207 9.997-36.204-.001z\"><\/path><\/svg>\t\t\t\t\t\t<\/span>\n\t\t\t\t\t\t\t\t\t\t<span class=\"elementor-icon-list-text\">100.000 \u00a3 de valor anual de una estrategia  <\/span>\n\t\t\t\t\t\t\t\t\t<\/li>\n\t\t\t\t\t\t<\/ul>\n\t\t\t\t\t\t<\/div>\n\t\t\t\t<div class=\"elementor-element elementor-element-440aa1a elementor-widget elementor-widget-text-editor\" data-id=\"440aa1a\" data-element_type=\"widget\" data-e-type=\"widget\" data-widget_type=\"text-editor.default\">\n\t\t\t\t\t\t\t\t\t<p>Riesgo cero: Se trata de una consulta, no de una llamada de ventas. Ven preparado con tus verdaderos retos y obt\u00e9n un asesoramiento genuino. <\/p>\t\t\t\t\t\t\t\t<\/div>\n\t\t\t\t<div class=\"elementor-element elementor-element-476f6c1 elementor-widget elementor-widget-text-editor\" data-id=\"476f6c1\" data-element_type=\"widget\" data-e-type=\"widget\" data-widget_type=\"text-editor.default\">\n\t\t\t\t\t\t\t\t\t<p>Nuestra garant\u00eda: Si no creemos que podamos mejorar significativamente tus resultados, te lo diremos honestamente.<\/p>\t\t\t\t\t\t\t\t<\/div>\n\t\t\t\t<div class=\"elementor-element elementor-element-2c39aa0 testimonialBox elementor-widget elementor-widget-text-editor\" data-id=\"2c39aa0\" data-element_type=\"widget\" data-e-type=\"widget\" data-widget_type=\"text-editor.default\">\n\t\t\t\t\t\t\t\t\t<blockquote><p>En el poco tiempo que llevo trabajando con Klozers he utilizado su orientaci\u00f3n para desarrollar nuevas actividades de venta positivas, t\u00e9cnicas y una mentalidad que ha ayudado significativamente a mi confianza en las ventas. Como resultado, ya he visto excelentes beneficios en el rendimiento que son directamente atribuibles al trabajo con el coaching.<\/p><\/blockquote><div class=\"author\">Alan Wood &#8211; Director de Escocia,<br>Salesforce Marketing Cloud<\/div>\t\t\t\t\t\t\t\t<\/div>\n\t\t\t\t<div class=\"elementor-element elementor-element-cd5bceb testimonialBox elementor-widget elementor-widget-text-editor\" data-id=\"cd5bceb\" data-element_type=\"widget\" data-e-type=\"widget\" data-widget_type=\"text-editor.default\">\n\t\t\t\t\t\t\t\t\t<blockquote><p>Esta fue mi primera <a href=\"https:\/\/www.klozers.com\/es\/formacion-comercial-presencial\/\">formaci\u00f3n en ventas<\/a> y realmente sigue siendo la m\u00e1s pertinente en mi carrera de ventas. Iain nos ense\u00f1\u00f3 a llevar a los clientes potenciales a trav\u00e9s del viaje de ventas, desde el cliente potencial hasta la oportunidad y el cierre, y a\u00fan hoy utilizo estas habilidades y animo a mis colegas a hacer lo mismo. Mis ingresos se han duplicado con creces desde que Iain imparti\u00f3 esa pertinente formaci\u00f3n y sus \u00faltimos blogs se han compartido internamente entre nuestros equipos de ventas y marketing, ya que los consejos se ajustan a lo que estamos trabajando actualmente como departamento.<\/p><\/blockquote><div class=\"author\">Lynne Hall &#8211; Directora de Cuentas Estrat\u00e9gicas,<br>E-On Energy<\/div>\t\t\t\t\t\t\t\t<\/div>\n\t\t\t\t<div class=\"elementor-element elementor-element-0421d78 testimonialBox elementor-widget elementor-widget-text-editor\" data-id=\"0421d78\" data-element_type=\"widget\" data-e-type=\"widget\" data-widget_type=\"text-editor.default\">\n\t\t\t\t\t\t\t\t\t<blockquote><p>Mi entrenador fue muy flexible y estuvo encantado de hablar entre los horarios de entrenamiento programados, especialmente cuando ten\u00eda preguntas candentes y necesitaba apoyo r\u00e1pido. Las llamadas de informaci\u00f3n que tuvimos despu\u00e9s de mis reuniones de ventas no s\u00f3lo me ayudaron a entender en qu\u00e9 pod\u00eda mejorar, sino que tambi\u00e9n me dieron las palabras adecuadas para decir, en la secuencia correcta y en el momento adecuado.<\/p><\/blockquote><div class=\"author\">Elliott Boll &#8211;<br>Consultor de Aprendizaje Empresarial,<br>Docebo<\/div>\t\t\t\t\t\t\t\t<\/div>\n\t\t\t\t<\/div>\n\t\t<div class=\"elementor-element elementor-element-8bfb526 e-con-full e-flex e-con e-child\" data-id=\"8bfb526\" data-element_type=\"container\" data-e-type=\"container\" data-settings=\"{&quot;background_background&quot;:&quot;classic&quot;}\">\n\t\t\t\t<div class=\"elementor-element elementor-element-73ba8a5 elementor-position-inline-start elementor-view-default elementor-mobile-position-block-start elementor-widget elementor-widget-icon-box\" data-id=\"73ba8a5\" data-element_type=\"widget\" data-e-type=\"widget\" data-widget_type=\"icon-box.default\">\n\t\t\t\t\t\t\t<div class=\"elementor-icon-box-wrapper\">\n\n\t\t\t\t\t\t<div class=\"elementor-icon-box-icon\">\n\t\t\t\t<span  class=\"elementor-icon\">\n\t\t\t\t<svg aria-hidden=\"true\" class=\"e-font-icon-svg e-far-calendar-alt\" viewBox=\"0 0 448 512\" xmlns=\"http:\/\/www.w3.org\/2000\/svg\"><path d=\"M148 288h-40c-6.6 0-12-5.4-12-12v-40c0-6.6 5.4-12 12-12h40c6.6 0 12 5.4 12 12v40c0 6.6-5.4 12-12 12zm108-12v-40c0-6.6-5.4-12-12-12h-40c-6.6 0-12 5.4-12 12v40c0 6.6 5.4 12 12 12h40c6.6 0 12-5.4 12-12zm96 0v-40c0-6.6-5.4-12-12-12h-40c-6.6 0-12 5.4-12 12v40c0 6.6 5.4 12 12 12h40c6.6 0 12-5.4 12-12zm-96 96v-40c0-6.6-5.4-12-12-12h-40c-6.6 0-12 5.4-12 12v40c0 6.6 5.4 12 12 12h40c6.6 0 12-5.4 12-12zm-96 0v-40c0-6.6-5.4-12-12-12h-40c-6.6 0-12 5.4-12 12v40c0 6.6 5.4 12 12 12h40c6.6 0 12-5.4 12-12zm192 0v-40c0-6.6-5.4-12-12-12h-40c-6.6 0-12 5.4-12 12v40c0 6.6 5.4 12 12 12h40c6.6 0 12-5.4 12-12zm96-260v352c0 26.5-21.5 48-48 48H48c-26.5 0-48-21.5-48-48V112c0-26.5 21.5-48 48-48h48V12c0-6.6 5.4-12 12-12h40c6.6 0 12 5.4 12 12v52h128V12c0-6.6 5.4-12 12-12h40c6.6 0 12 5.4 12 12v52h48c26.5 0 48 21.5 48 48zm-48 346V160H48v298c0 3.3 2.7 6 6 6h340c3.3 0 6-2.7 6-6z\"><\/path><\/svg>\t\t\t\t<\/span>\n\t\t\t<\/div>\n\t\t\t\n\t\t\t\t\t\t<div class=\"elementor-icon-box-content\">\n\n\t\t\t\t\t\t\t\t\t<h3 class=\"elementor-icon-box-title\">\n\t\t\t\t\t\t<span  >\n\t\t\t\t\t\t\tPlazas limitadas hasta julio\t\t\t\t\t\t<\/span>\n\t\t\t\t\t<\/h3>\n\t\t\t\t\n\t\t\t\t\n\t\t\t<\/div>\n\t\t\t\n\t\t<\/div>\n\t\t\t\t\t\t<\/div>\n\t\t\t\t<div class=\"elementor-element elementor-element-94f7d01 elementor-widget__width-initial elementor-widget elementor-widget-html\" data-id=\"94f7d01\" data-element_type=\"widget\" data-e-type=\"widget\" data-widget_type=\"html.default\">\n\t\t\t\t\t<!-- Calendly inline widget begin -->\r\n<div class=\"calendly-inline-widget\" data-url=\"https:\/\/calendly.com\/iainswanston\/free-consultation?primary_color=84a52b\" style=\"width:100%;height:1160px;\"><\/div>\r\n<script type=\"text\/javascript\" src=\"https:\/\/assets.calendly.com\/assets\/external\/widget.js\" async=\"\"><\/script>\r\n<!-- Calendly inline widget end -->\t\t\t\t<\/div>\n\t\t\t\t<div class=\"elementor-element elementor-element-9678552 elementor-widget elementor-widget-shortcode\" data-id=\"9678552\" data-element_type=\"widget\" data-e-type=\"widget\" data-widget_type=\"shortcode.default\">\n\t\t\t\t\t\t\t<div class=\"elementor-shortcode\"><style>#wprev-badge-1{border-radius: 0px;}#wprev-badge-1{border-top: 5px solid rgb(132,165,43);}#wprev-badge-1{background: rgb(255,255,255);}#wprev-badge-1{border-bottom: 5px solid rgb(255,255,255);}#wprev-badge-1 .svgicons {background: rgb(249,188,17) }#wprev-badge-1 .wppro_badge1_SPAN_4 {color: rgb(102,102,102);}#wprev-badge-1 .wppro_badge1_SPAN_13 {color: rgb(79,129,243);}#wprev-badge-1 .wppro_badge1_DIV_12 {color: rgb(102,102,102);}#wprev-badge-1 {width: auto;}<\/style><style>#wprev-badge-1 { width: 320px; } .wppro_badge1_DIV_1 { margin-left: 0px; margin-right: 10px; } .wppro_badge1_DIV_1.b3s1 { padding: 5px 10px 5px 10px; }<\/style><style>.wprevpro_badge{cursor:pointer;}<\/style><div data-badgeid=\"1\" class=\"wprevpro_badge_container\" data-onc='url' data-oncurl='https:\/\/www.klozers.com\/sales-training-reviews\/' data-oncurltarget='same' data-animatedir=\"\" data-animatedelay=\"\" >\r\n<div class=\"wprevpro_badge wppro_badge1_DIV_1\" id=\"wprev-badge-1\">\r\n\t<div class=\"wppro_badge1_DIV_2\">\r\n\t<img src=https:\/\/www.klozers.com\/wp-content\/plugins\/wp-review-slider-pro\/public\/partials\/imgs\/branding-google-badge_50.png  alt=\"google logoKlozers\" class=\"wppro_badge1_IMG_3\"><span class=\"wppro_badge1_SPAN_4\">Klozers<\/span>\r\n\t\t<div class=\"wppro_badge1_DIV_5\">\r\n\t\t\t<div class=\"wppro_badge1_DIV_stars\">\r\n\t\t\t<span class=\"svgicons svg-wprsp-star-full\"><\/span><span class=\"svgicons svg-wprsp-star-full\"><\/span><span class=\"svgicons svg-wprsp-star-full\"><\/span><span class=\"svgicons svg-wprsp-star-full\"><\/span><span class=\"svgicons svg-wprsp-star-full\"><\/span>\t\t\t<\/div>\r\n\t\t\t<span class=\"wppro_badge1_DIV_12 b4s12\"><span class=\"wppro_badge1_SPAN_13\">5.0<\/span>&nbsp;Stars - Based on&nbsp;<span class=\"wppro_badge1_SPAN_15\">46&nbsp;<\/span>User Reviews<\/span>\t\t\t\t\t<\/div>\r\n\t<\/div>\r\n<\/div>\r\n\r\n\r\n<\/div>\r\n<\/div>\n\t\t\t\t\t\t<\/div>\n\t\t\t\t<\/div>\n\t\t\t\t\t<\/div>\n\t\t\t\t<\/div>\n\t\t\t\t<section class=\"elementor-section elementor-top-section elementor-element elementor-element-f041af6 elementor-section-boxed elementor-section-height-default elementor-section-height-default\" data-id=\"f041af6\" data-element_type=\"section\" data-e-type=\"section\">\n\t\t\t\t\t\t<div class=\"elementor-container elementor-column-gap-default\">\n\t\t\t\t\t<div class=\"elementor-column elementor-col-100 elementor-top-column elementor-element elementor-element-101bb32\" data-id=\"101bb32\" data-element_type=\"column\" data-e-type=\"column\">\n\t\t\t<div class=\"elementor-widget-wrap\">\n\t\t\t\t\t\t\t<\/div>\n\t\t<\/div>\n\t\t\t\t\t<\/div>\n\t\t<\/section>\n\t\t\t\t<\/div>\n\t\t","protected":false},"excerpt":{"rendered":"<p>M\u00e1s de 300 empresas han transformado sus ventas con nuestro enfoque probado Vendemos resultados, NO formaci\u00f3n Sin argumentos de venta. Ni consejos gen\u00e9ricos. Obt\u00e9n una evaluaci\u00f3n sincera de tus retos de ventas y descubre estrategias espec\u00edficas que podr\u00edan funcionar para tu empresa y tu gente. Aumento de los ingresos del 11,6% en 90 d\u00edas 3 &#8230; <a title=\"Reservar una llamada\" class=\"read-more\" href=\"https:\/\/www.klozers.com\/es\/reservar-una-llamada\/\" aria-label=\"M\u00e1s en Reservar una llamada\">Leer m\u00e1s<\/a><\/p>\n","protected":false},"author":82,"featured_media":0,"parent":0,"menu_order":0,"comment_status":"closed","ping_status":"closed","template":"elementor_header_footer","meta":{"_acf_changed":false,"footnotes":""},"class_list":["post-18073","page","type-page","status-publish"],"acf":[],"_links":{"self":[{"href":"https:\/\/www.klozers.com\/es\/wp-json\/wp\/v2\/pages\/18073","targetHints":{"allow":["GET"]}}],"collection":[{"href":"https:\/\/www.klozers.com\/es\/wp-json\/wp\/v2\/pages"}],"about":[{"href":"https:\/\/www.klozers.com\/es\/wp-json\/wp\/v2\/types\/page"}],"author":[{"embeddable":true,"href":"https:\/\/www.klozers.com\/es\/wp-json\/wp\/v2\/users\/82"}],"replies":[{"embeddable":true,"href":"https:\/\/www.klozers.com\/es\/wp-json\/wp\/v2\/comments?post=18073"}],"version-history":[{"count":2,"href":"https:\/\/www.klozers.com\/es\/wp-json\/wp\/v2\/pages\/18073\/revisions"}],"predecessor-version":[{"id":48209,"href":"https:\/\/www.klozers.com\/es\/wp-json\/wp\/v2\/pages\/18073\/revisions\/48209"}],"wp:attachment":[{"href":"https:\/\/www.klozers.com\/es\/wp-json\/wp\/v2\/media?parent=18073"}],"curies":[{"name":"wp","href":"https:\/\/api.w.org\/{rel}","templated":true}]}}