{"id":18139,"date":"2022-01-15T19:44:35","date_gmt":"2022-01-15T19:44:35","guid":{"rendered":"https:\/\/www.klozers.com\/reserver-un-appel\/"},"modified":"2024-01-11T11:26:40","modified_gmt":"2024-01-11T11:26:40","slug":"reserver-un-appel","status":"publish","type":"page","link":"https:\/\/www.klozers.com\/fr\/reserver-un-appel\/","title":{"rendered":"R\u00e9server un appel"},"content":{"rendered":"\t\t<div data-elementor-type=\"wp-page\" data-elementor-id=\"18139\" class=\"elementor elementor-18139 elementor-10969\" data-elementor-post-type=\"page\">\n\t\t\t\t<div class=\"elementor-element elementor-element-db1af88 e-flex e-con-boxed e-con e-parent\" data-id=\"db1af88\" data-element_type=\"container\" data-e-type=\"container\">\n\t\t\t\t\t<div class=\"e-con-inner\">\n\t\t\t\t<div class=\"elementor-element elementor-element-e482856 elementor-widget elementor-widget-spacer\" data-id=\"e482856\" data-element_type=\"widget\" data-e-type=\"widget\" data-widget_type=\"spacer.default\">\n\t\t\t\t\t\t\t<div class=\"elementor-spacer\">\n\t\t\t<div class=\"elementor-spacer-inner\"><\/div>\n\t\t<\/div>\n\t\t\t\t\t\t<\/div>\n\t\t\t\t<div class=\"elementor-element elementor-element-be0a1a7 elementor-widget elementor-widget-heading\" data-id=\"be0a1a7\" data-element_type=\"widget\" data-e-type=\"widget\" data-widget_type=\"heading.default\">\n\t\t\t\t\t<h1 class=\"elementor-heading-title elementor-size-default\">R\u00e9servez un appel avec nous<\/h1>\t\t\t\t<\/div>\n\t\t\t\t<div class=\"elementor-element elementor-element-f9dda40 elementor-widget elementor-widget-heading\" data-id=\"f9dda40\" data-element_type=\"widget\" data-e-type=\"widget\" data-widget_type=\"heading.default\">\n\t\t\t\t\t<h3 class=\"elementor-heading-title elementor-size-default\">CHOISISSEZ UNE DATE ET UNE HEURE QUI VOUS CONVIENNENT<\/h3>\t\t\t\t<\/div>\n\t\t<div class=\"elementor-element elementor-element-2f6abdf e-con-full e-flex e-con e-child\" data-id=\"2f6abdf\" data-element_type=\"container\" data-e-type=\"container\">\n\t\t\t\t<div class=\"elementor-element elementor-element-94f7d01 elementor-widget__width-initial elementor-widget elementor-widget-html\" data-id=\"94f7d01\" data-element_type=\"widget\" data-e-type=\"widget\" data-widget_type=\"html.default\">\n\t\t\t\t\t<!-- Calendly inline widget begin -->\n<div class=\"calendly-inline-widget\" data-url=\"https:\/\/calendly.com\/iainswanston\/free-consultation?primary_color=84a52b\" style=\"min-width:320px;height:700px;\"><\/div>\n<script type=\"text\/javascript\" src=\"https:\/\/assets.calendly.com\/assets\/external\/widget.js\" async=\"\"><\/script>\n<!-- Calendly inline widget end -->\t\t\t\t<\/div>\n\t\t\t\t<\/div>\n\t\t\t\t\t<\/div>\n\t\t\t\t<\/div>\n\t\t\t\t<section class=\"elementor-section elementor-top-section elementor-element elementor-element-94f96ca elementor-section-boxed elementor-section-height-default elementor-section-height-default\" data-id=\"94f96ca\" data-element_type=\"section\" data-e-type=\"section\">\n\t\t\t\t\t\t<div class=\"elementor-container elementor-column-gap-default\">\n\t\t\t\t\t<div class=\"elementor-column elementor-col-100 elementor-top-column elementor-element elementor-element-e63c2b4\" data-id=\"e63c2b4\" data-element_type=\"column\" data-e-type=\"column\">\n\t\t\t<div class=\"elementor-widget-wrap elementor-element-populated\">\n\t\t\t\t\t\t<div class=\"elementor-element elementor-element-d26b10c elementor-widget elementor-widget-heading\" data-id=\"d26b10c\" data-element_type=\"widget\" data-e-type=\"widget\" data-widget_type=\"heading.default\">\n\t\t\t\t\t<h2 class=\"elementor-heading-title elementor-size-default\">L'objectif de cet appel est de...<\/h2>\t\t\t\t<\/div>\n\t\t\t\t<div class=\"elementor-element elementor-element-9af539d elementor-widget elementor-widget-spacer\" data-id=\"9af539d\" data-element_type=\"widget\" data-e-type=\"widget\" data-widget_type=\"spacer.default\">\n\t\t\t\t\t\t\t<div class=\"elementor-spacer\">\n\t\t\t<div class=\"elementor-spacer-inner\"><\/div>\n\t\t<\/div>\n\t\t\t\t\t\t<\/div>\n\t\t\t\t\t<\/div>\n\t\t<\/div>\n\t\t\t\t\t<\/div>\n\t\t<\/section>\n\t\t\t\t<section class=\"elementor-section elementor-top-section elementor-element elementor-element-d63de30 elementor-section-boxed elementor-section-height-default elementor-section-height-default\" data-id=\"d63de30\" data-element_type=\"section\" data-e-type=\"section\">\n\t\t\t\t\t\t<div class=\"elementor-container elementor-column-gap-wider\">\n\t\t\t\t\t<div class=\"elementor-column elementor-col-33 elementor-top-column elementor-element elementor-element-87d62a3\" data-id=\"87d62a3\" data-element_type=\"column\" data-e-type=\"column\">\n\t\t\t<div class=\"elementor-widget-wrap elementor-element-populated\">\n\t\t\t\t\t\t<div class=\"elementor-element elementor-element-de51b35 elementor-view-default elementor-widget elementor-widget-icon\" data-id=\"de51b35\" data-element_type=\"widget\" data-e-type=\"widget\" data-widget_type=\"icon.default\">\n\t\t\t\t\t\t\t<div class=\"elementor-icon-wrapper\">\n\t\t\t<div class=\"elementor-icon\">\n\t\t\t<svg aria-hidden=\"true\" class=\"e-font-icon-svg e-fas-chalkboard-teacher\" viewBox=\"0 0 640 512\" xmlns=\"http:\/\/www.w3.org\/2000\/svg\"><path d=\"M208 352c-2.39 0-4.78.35-7.06 1.09C187.98 357.3 174.35 360 160 360c-14.35 0-27.98-2.7-40.95-6.91-2.28-.74-4.66-1.09-7.05-1.09C49.94 352-.33 402.48 0 464.62.14 490.88 21.73 512 48 512h224c26.27 0 47.86-21.12 48-47.38.33-62.14-49.94-112.62-112-112.62zm-48-32c53.02 0 96-42.98 96-96s-42.98-96-96-96-96 42.98-96 96 42.98 96 96 96zM592 0H208c-26.47 0-48 22.25-48 49.59V96c23.42 0 45.1 6.78 64 17.8V64h352v288h-64v-64H384v64h-76.24c19.1 16.69 33.12 38.73 39.69 64H592c26.47 0 48-22.25 48-49.59V49.59C640 22.25 618.47 0 592 0z\"><\/path><\/svg>\t\t\t<\/div>\n\t\t<\/div>\n\t\t\t\t\t\t<\/div>\n\t\t\t\t<div class=\"elementor-element elementor-element-73afc71 elementor-widget elementor-widget-text-editor\" data-id=\"73afc71\" data-element_type=\"widget\" data-e-type=\"widget\" data-widget_type=\"text-editor.default\">\n\t\t\t\t\t\t\t\t\t<p>R\u00e9pondre \u00e0 toutes vos questions concernant notre formation \u00e0 la vente.<\/p>\n\t\t\t\t\t\t\t\t<\/div>\n\t\t\t\t\t<\/div>\n\t\t<\/div>\n\t\t\t\t<div class=\"elementor-column elementor-col-33 elementor-top-column elementor-element elementor-element-545f260\" data-id=\"545f260\" data-element_type=\"column\" data-e-type=\"column\">\n\t\t\t<div class=\"elementor-widget-wrap elementor-element-populated\">\n\t\t\t\t\t\t<div class=\"elementor-element elementor-element-85eaa9e elementor-view-default elementor-widget elementor-widget-icon\" data-id=\"85eaa9e\" data-element_type=\"widget\" data-e-type=\"widget\" data-widget_type=\"icon.default\">\n\t\t\t\t\t\t\t<div class=\"elementor-icon-wrapper\">\n\t\t\t<div class=\"elementor-icon\">\n\t\t\t<svg aria-hidden=\"true\" class=\"e-font-icon-svg e-fas-check\" viewBox=\"0 0 512 512\" xmlns=\"http:\/\/www.w3.org\/2000\/svg\"><path d=\"M173.898 439.404l-166.4-166.4c-9.997-9.997-9.997-26.206 0-36.204l36.203-36.204c9.997-9.998 26.207-9.998 36.204 0L192 312.69 432.095 72.596c9.997-9.997 26.207-9.997 36.204 0l36.203 36.204c9.997 9.997 9.997 26.206 0 36.204l-294.4 294.401c-9.998 9.997-26.207 9.997-36.204-.001z\"><\/path><\/svg>\t\t\t<\/div>\n\t\t<\/div>\n\t\t\t\t\t\t<\/div>\n\t\t\t\t<div class=\"elementor-element elementor-element-bffd9e6 elementor-widget elementor-widget-text-editor\" data-id=\"bffd9e6\" data-element_type=\"widget\" data-e-type=\"widget\" data-widget_type=\"text-editor.default\">\n\t\t\t\t\t\t\t\t\t<p>Confirmez le cours le plus appropri\u00e9 pour vous en fonction de votre situation.  <\/p>\n\t\t\t\t\t\t\t\t<\/div>\n\t\t\t\t\t<\/div>\n\t\t<\/div>\n\t\t\t\t<div class=\"elementor-column elementor-col-33 elementor-top-column elementor-element elementor-element-b16404c\" data-id=\"b16404c\" data-element_type=\"column\" data-e-type=\"column\">\n\t\t\t<div class=\"elementor-widget-wrap elementor-element-populated\">\n\t\t\t\t\t\t<div class=\"elementor-element elementor-element-ec50864 elementor-view-default elementor-widget elementor-widget-icon\" data-id=\"ec50864\" data-element_type=\"widget\" data-e-type=\"widget\" data-widget_type=\"icon.default\">\n\t\t\t\t\t\t\t<div class=\"elementor-icon-wrapper\">\n\t\t\t<div class=\"elementor-icon\">\n\t\t\t<svg aria-hidden=\"true\" class=\"e-font-icon-svg e-far-calendar-alt\" viewBox=\"0 0 448 512\" xmlns=\"http:\/\/www.w3.org\/2000\/svg\"><path d=\"M148 288h-40c-6.6 0-12-5.4-12-12v-40c0-6.6 5.4-12 12-12h40c6.6 0 12 5.4 12 12v40c0 6.6-5.4 12-12 12zm108-12v-40c0-6.6-5.4-12-12-12h-40c-6.6 0-12 5.4-12 12v40c0 6.6 5.4 12 12 12h40c6.6 0 12-5.4 12-12zm96 0v-40c0-6.6-5.4-12-12-12h-40c-6.6 0-12 5.4-12 12v40c0 6.6 5.4 12 12 12h40c6.6 0 12-5.4 12-12zm-96 96v-40c0-6.6-5.4-12-12-12h-40c-6.6 0-12 5.4-12 12v40c0 6.6 5.4 12 12 12h40c6.6 0 12-5.4 12-12zm-96 0v-40c0-6.6-5.4-12-12-12h-40c-6.6 0-12 5.4-12 12v40c0 6.6 5.4 12 12 12h40c6.6 0 12-5.4 12-12zm192 0v-40c0-6.6-5.4-12-12-12h-40c-6.6 0-12 5.4-12 12v40c0 6.6 5.4 12 12 12h40c6.6 0 12-5.4 12-12zm96-260v352c0 26.5-21.5 48-48 48H48c-26.5 0-48-21.5-48-48V112c0-26.5 21.5-48 48-48h48V12c0-6.6 5.4-12 12-12h40c6.6 0 12 5.4 12 12v52h128V12c0-6.6 5.4-12 12-12h40c6.6 0 12 5.4 12 12v52h48c26.5 0 48 21.5 48 48zm-48 346V160H48v298c0 3.3 2.7 6 6 6h340c3.3 0 6-2.7 6-6z\"><\/path><\/svg>\t\t\t<\/div>\n\t\t<\/div>\n\t\t\t\t\t\t<\/div>\n\t\t\t\t<div class=\"elementor-element elementor-element-8b75202 elementor-widget elementor-widget-text-editor\" data-id=\"8b75202\" data-element_type=\"widget\" data-e-type=\"widget\" data-widget_type=\"text-editor.default\">\n\t\t\t\t\t\t\t\t\t<p>Vous fournir une date et une heure pour votre propre cours.<\/p>\n\t\t\t\t\t\t\t\t<\/div>\n\t\t\t\t\t<\/div>\n\t\t<\/div>\n\t\t\t\t\t<\/div>\n\t\t<\/section>\n\t\t\t\t<section class=\"elementor-section elementor-top-section elementor-element elementor-element-708f311 elementor-section-boxed elementor-section-height-default elementor-section-height-default\" data-id=\"708f311\" data-element_type=\"section\" data-e-type=\"section\">\n\t\t\t\t\t\t<div class=\"elementor-container elementor-column-gap-default\">\n\t\t\t\t\t<div class=\"elementor-column elementor-col-100 elementor-top-column elementor-element elementor-element-57b66cb\" data-id=\"57b66cb\" data-element_type=\"column\" data-e-type=\"column\">\n\t\t\t<div class=\"elementor-widget-wrap elementor-element-populated\">\n\t\t\t\t\t\t<div class=\"elementor-element elementor-element-7d128f9 elementor-widget elementor-widget-video\" data-id=\"7d128f9\" data-element_type=\"widget\" data-e-type=\"widget\" data-settings=\"{&quot;youtube_url&quot;:&quot;https:\\\/\\\/youtu.be\\\/ehiw6FbgbAM&quot;,&quot;video_type&quot;:&quot;youtube&quot;,&quot;controls&quot;:&quot;yes&quot;}\" data-widget_type=\"video.default\">\n\t\t\t\t\t\t\t<div class=\"elementor-wrapper elementor-open-inline\">\n\t\t\t<div class=\"elementor-video\"><\/div>\t\t<\/div>\n\t\t\t\t\t\t<\/div>\n\t\t\t\t<div class=\"elementor-element elementor-element-1b9f313 elementor-widget elementor-widget-spacer\" data-id=\"1b9f313\" data-element_type=\"widget\" data-e-type=\"widget\" data-widget_type=\"spacer.default\">\n\t\t\t\t\t\t\t<div class=\"elementor-spacer\">\n\t\t\t<div class=\"elementor-spacer-inner\"><\/div>\n\t\t<\/div>\n\t\t\t\t\t\t<\/div>\n\t\t\t\t\t<\/div>\n\t\t<\/div>\n\t\t\t\t\t<\/div>\n\t\t<\/section>\n\t\t\t\t<section class=\"elementor-section elementor-top-section elementor-element elementor-element-f041af6 elementor-section-boxed elementor-section-height-default elementor-section-height-default\" data-id=\"f041af6\" data-element_type=\"section\" data-e-type=\"section\">\n\t\t\t\t\t\t<div class=\"elementor-container elementor-column-gap-default\">\n\t\t\t\t\t<div class=\"elementor-column elementor-col-100 elementor-top-column elementor-element elementor-element-101bb32\" data-id=\"101bb32\" data-element_type=\"column\" data-e-type=\"column\">\n\t\t\t<div class=\"elementor-widget-wrap elementor-element-populated\">\n\t\t\t\t\t\t<section class=\"elementor-section elementor-inner-section elementor-element elementor-element-76cdf32 elementor-section-boxed elementor-section-height-default elementor-section-height-default\" data-id=\"76cdf32\" data-element_type=\"section\" data-e-type=\"section\">\n\t\t\t\t\t\t<div class=\"elementor-container elementor-column-gap-extended\">\n\t\t\t\t\t<div class=\"elementor-column elementor-col-33 elementor-inner-column elementor-element elementor-element-ffcd6d3\" data-id=\"ffcd6d3\" data-element_type=\"column\" data-e-type=\"column\">\n\t\t\t<div class=\"elementor-widget-wrap elementor-element-populated\">\n\t\t\t\t\t\t<div class=\"elementor-element elementor-element-9c425e2 testimonialBox elementor-widget elementor-widget-text-editor\" data-id=\"9c425e2\" data-element_type=\"widget\" data-e-type=\"widget\" data-widget_type=\"text-editor.default\">\n\t\t\t\t\t\t\t\t\t<blockquote>\n<p>Depuis le peu de temps que je travaille avec Klozers, j&#8217;ai utilis\u00e9 ses conseils pour d\u00e9velopper de nouvelles activit\u00e9s de vente, des techniques et un \u00e9tat d&#8217;esprit positifs qui ont consid\u00e9rablement am\u00e9lior\u00e9 ma confiance en moi. En cons\u00e9quence, j&#8217;ai d\u00e9j\u00e0 constat\u00e9 d&#8217;excellents b\u00e9n\u00e9fices en termes de performances, directement attribuables au travail de coaching.<\/p>\n<\/blockquote>\n<div class=\"author\">Alan Wood &#8211; Directeur pour l&#8217;\u00c9cosse,<br \/>Salesforce Marketing Cloud<\/div>\n\t\t\t\t\t\t\t\t<\/div>\n\t\t\t\t\t<\/div>\n\t\t<\/div>\n\t\t\t\t<div class=\"elementor-column elementor-col-33 elementor-inner-column elementor-element elementor-element-9d522df\" data-id=\"9d522df\" data-element_type=\"column\" data-e-type=\"column\">\n\t\t\t<div class=\"elementor-widget-wrap elementor-element-populated\">\n\t\t\t\t\t\t<div class=\"elementor-element elementor-element-af63835 testimonialBox elementor-widget elementor-widget-text-editor\" data-id=\"af63835\" data-element_type=\"widget\" data-e-type=\"widget\" data-widget_type=\"text-editor.default\">\n\t\t\t\t\t\t\t\t\t<blockquote>\n<p>C&#8217;\u00e9tait ma toute premi\u00e8re <a href=\"https:\/\/www.klozers.com\/fr\/formation-a-la-vente-en-face-a-face\/\">formation \u00e0 la vente<\/a> et elle reste v\u00e9ritablement la plus pertinente dans ma carri\u00e8re de vendeur. Iain nous a appris \u00e0 faire passer les prospects par le parcours de vente, de la piste \u00e0 l&#8217;opportunit\u00e9 jusqu&#8217;\u00e0 la conclusion. J&#8217;utilise encore ces comp\u00e9tences aujourd&#8217;hui et j&#8217;encourage mes coll\u00e8gues \u00e0 faire de m\u00eame. Mes revenus ont plus que doubl\u00e9 depuis qu&#8217;Iain a donn\u00e9 cette formation pertinente et ses derniers blogs ont \u00e9t\u00e9 partag\u00e9s en interne entre nos \u00e9quipes de vente et de marketing car les conseils correspondent \u00e0 ce sur quoi nous travaillons actuellement en tant que d\u00e9partement.<\/p>\n<\/blockquote>\n<div class=\"author\">Lynne Hall &#8211; Responsable des comptes strat\u00e9giques,<br \/>E-On Energy<\/div>\n\t\t\t\t\t\t\t\t<\/div>\n\t\t\t\t\t<\/div>\n\t\t<\/div>\n\t\t\t\t<div class=\"elementor-column elementor-col-33 elementor-inner-column elementor-element elementor-element-1594fc4\" data-id=\"1594fc4\" data-element_type=\"column\" data-e-type=\"column\">\n\t\t\t<div class=\"elementor-widget-wrap elementor-element-populated\">\n\t\t\t\t\t\t<div class=\"elementor-element elementor-element-1f501d4 testimonialBox elementor-widget elementor-widget-text-editor\" data-id=\"1f501d4\" data-element_type=\"widget\" data-e-type=\"widget\" data-widget_type=\"text-editor.default\">\n\t\t\t\t\t\t\t\t\t<blockquote>\n<p>Mon coach \u00e9tait vraiment flexible et heureux de discuter entre les cr\u00e9neaux de coaching pr\u00e9vus, surtout lorsque j&#8217;avais des questions br\u00fblantes et que j&#8217;avais besoin de soutien rapidement. Les appels de d\u00e9briefing que nous avons eus apr\u00e8s mes r\u00e9unions de vente m&#8217;ont non seulement aid\u00e9 \u00e0 comprendre ce que je pouvais am\u00e9liorer, mais ils m&#8217;ont aussi donn\u00e9 les bons mots \u00e0 dire, dans la bonne s\u00e9quence et au bon moment.<\/p>\n<\/blockquote>\n<div class=\"author\">Elliott Boll &#8211;<br \/>Consultant en apprentissage d&#8217;entreprise,<br \/>Docebo<\/div>\n\t\t\t\t\t\t\t\t<\/div>\n\t\t\t\t\t<\/div>\n\t\t<\/div>\n\t\t\t\t\t<\/div>\n\t\t<\/section>\n\t\t\t\t\t<\/div>\n\t\t<\/div>\n\t\t\t\t\t<\/div>\n\t\t<\/section>\n\t\t\t\t<\/div>\n\t\t","protected":false},"excerpt":{"rendered":"<p>R\u00e9servez un appel avec nous CHOISISSEZ UNE DATE ET UNE HEURE QUI VOUS CONVIENNENT L&#8217;objectif de cet appel est de&#8230; R\u00e9pondre \u00e0 toutes vos questions concernant notre formation \u00e0 la vente. Confirmez le cours le plus appropri\u00e9 pour vous en fonction de votre situation. Vous fournir une date et une heure pour votre propre cours. &#8230; <a title=\"R\u00e9server un appel\" class=\"read-more\" href=\"https:\/\/www.klozers.com\/fr\/reserver-un-appel\/\" aria-label=\"Plus sur R\u00e9server un appel\">Lire plus<\/a><\/p>\n","protected":false},"author":82,"featured_media":0,"parent":0,"menu_order":0,"comment_status":"closed","ping_status":"closed","template":"elementor_header_footer","meta":{"_acf_changed":false,"footnotes":""},"class_list":["post-18139","page","type-page","status-publish"],"acf":[],"_links":{"self":[{"href":"https:\/\/www.klozers.com\/fr\/wp-json\/wp\/v2\/pages\/18139","targetHints":{"allow":["GET"]}}],"collection":[{"href":"https:\/\/www.klozers.com\/fr\/wp-json\/wp\/v2\/pages"}],"about":[{"href":"https:\/\/www.klozers.com\/fr\/wp-json\/wp\/v2\/types\/page"}],"author":[{"embeddable":true,"href":"https:\/\/www.klozers.com\/fr\/wp-json\/wp\/v2\/users\/82"}],"replies":[{"embeddable":true,"href":"https:\/\/www.klozers.com\/fr\/wp-json\/wp\/v2\/comments?post=18139"}],"version-history":[{"count":0,"href":"https:\/\/www.klozers.com\/fr\/wp-json\/wp\/v2\/pages\/18139\/revisions"}],"wp:attachment":[{"href":"https:\/\/www.klozers.com\/fr\/wp-json\/wp\/v2\/media?parent=18139"}],"curies":[{"name":"wp","href":"https:\/\/api.w.org\/{rel}","templated":true}]}}