{"id":36503,"date":"2021-11-29T09:33:30","date_gmt":"2021-11-29T09:33:30","guid":{"rendered":"https:\/\/www.klozers.com\/inzichten-in-b2b-verkoop-en-marketing\/"},"modified":"2023-10-14T07:52:30","modified_gmt":"2023-10-14T06:52:30","slug":"inzichten-in-b2b-verkoop-en-marketing","status":"publish","type":"page","link":"https:\/\/www.klozers.com\/nl\/inzichten-in-b2b-verkoop-en-marketing\/","title":{"rendered":"Inzichten in B2B verkoop en marketing"},"content":{"rendered":"\t\t<div data-elementor-type=\"wp-page\" data-elementor-id=\"36503\" class=\"elementor elementor-36503 elementor-10492\" data-elementor-post-type=\"page\">\n\t\t\t\t\t\t<section class=\"elementor-section elementor-top-section elementor-element elementor-element-82e7cba elementor-section-boxed elementor-section-height-default elementor-section-height-default\" data-id=\"82e7cba\" data-element_type=\"section\" data-e-type=\"section\" data-settings=\"{&quot;background_background&quot;:&quot;classic&quot;}\">\n\t\t\t\t\t\t<div class=\"elementor-container elementor-column-gap-default\">\n\t\t\t\t\t<div class=\"elementor-column elementor-col-50 elementor-top-column elementor-element elementor-element-51599f9\" data-id=\"51599f9\" data-element_type=\"column\" data-e-type=\"column\">\n\t\t\t<div class=\"elementor-widget-wrap elementor-element-populated\">\n\t\t\t\t\t\t<div class=\"elementor-element elementor-element-1aa3e84 elementor-widget elementor-widget-heading\" data-id=\"1aa3e84\" data-element_type=\"widget\" data-e-type=\"widget\" data-widget_type=\"heading.default\">\n\t\t\t\t\t<h1 class=\"elementor-heading-title elementor-size-default\"><b>Inzichten in B2B verkoop en marketing<\/b><\/h1>\t\t\t\t<\/div>\n\t\t\t\t<div class=\"elementor-element elementor-element-cba6448 elementor-widget elementor-widget-text-editor\" data-id=\"cba6448\" data-element_type=\"widget\" data-e-type=\"widget\" data-widget_type=\"text-editor.default\">\n\t\t\t\t\t\t\t\t\t<p>Doe mee aan onze enqu\u00eate over wereldwijde inzichten en krijg gratis toegang tot de resultaten.<\/p>\n\t\t\t\t\t\t\t\t<\/div>\n\t\t\t\t<div class=\"elementor-element elementor-element-055db88 elementor-icon-list--layout-traditional elementor-list-item-link-full_width elementor-widget elementor-widget-icon-list\" data-id=\"055db88\" data-element_type=\"widget\" data-e-type=\"widget\" data-widget_type=\"icon-list.default\">\n\t\t\t\t\t\t\t<ul class=\"elementor-icon-list-items\">\n\t\t\t\t\t\t\t<li class=\"elementor-icon-list-item\">\n\t\t\t\t\t\t\t\t\t\t\t<span class=\"elementor-icon-list-icon\">\n\t\t\t\t\t\t\t<svg aria-hidden=\"true\" class=\"e-font-icon-svg e-fas-user-secret\" viewBox=\"0 0 448 512\" xmlns=\"http:\/\/www.w3.org\/2000\/svg\"><path d=\"M383.9 308.3l23.9-62.6c4-10.5-3.7-21.7-15-21.7h-58.5c11-18.9 17.8-40.6 17.8-64v-.3c39.2-7.8 64-19.1 64-31.7 0-13.3-27.3-25.1-70.1-33-9.2-32.8-27-65.8-40.6-82.8-9.5-11.9-25.9-15.6-39.5-8.8l-27.6 13.8c-9 4.5-19.6 4.5-28.6 0L182.1 3.4c-13.6-6.8-30-3.1-39.5 8.8-13.5 17-31.4 50-40.6 82.8-42.7 7.9-70 19.7-70 33 0 12.6 24.8 23.9 64 31.7v.3c0 23.4 6.8 45.1 17.8 64H56.3c-11.5 0-19.2 11.7-14.7 22.3l25.8 60.2C27.3 329.8 0 372.7 0 422.4v44.8C0 491.9 20.1 512 44.8 512h358.4c24.7 0 44.8-20.1 44.8-44.8v-44.8c0-48.4-25.8-90.4-64.1-114.1zM176 480l-41.6-192 49.6 32 24 40-32 120zm96 0l-32-120 24-40 49.6-32L272 480zm41.7-298.5c-3.9 11.9-7 24.6-16.5 33.4-10.1 9.3-48 22.4-64-25-2.8-8.4-15.4-8.4-18.3 0-17 50.2-56 32.4-64 25-9.5-8.8-12.7-21.5-16.5-33.4-.8-2.5-6.3-5.7-6.3-5.8v-10.8c28.3 3.6 61 5.8 96 5.8s67.7-2.1 96-5.8v10.8c-.1.1-5.6 3.2-6.4 5.8z\"><\/path><\/svg>\t\t\t\t\t\t<\/span>\n\t\t\t\t\t\t\t\t\t\t<span class=\"elementor-icon-list-text\">Anonieme enqu\u00eate<\/span>\n\t\t\t\t\t\t\t\t\t<\/li>\n\t\t\t\t\t\t<\/ul>\n\t\t\t\t\t\t<\/div>\n\t\t\t\t<div class=\"elementor-element elementor-element-3b077f7 elementor-widget elementor-widget-text-editor\" data-id=\"3b077f7\" data-element_type=\"widget\" data-e-type=\"widget\" data-widget_type=\"text-editor.default\">\n\t\t\t\t\t\t\t\t\t<p>De B2B Sales &amp; Marketing enqu\u00eate is volledig anoniem<\/p>\n\t\t\t\t\t\t\t\t<\/div>\n\t\t\t\t\t<\/div>\n\t\t<\/div>\n\t\t\t\t<div class=\"elementor-column elementor-col-50 elementor-top-column elementor-element elementor-element-2bf3019\" data-id=\"2bf3019\" data-element_type=\"column\" data-e-type=\"column\">\n\t\t\t<div class=\"elementor-widget-wrap elementor-element-populated\">\n\t\t\t\t\t\t<div class=\"elementor-element elementor-element-64bb22b elementor-widget elementor-widget-image\" data-id=\"64bb22b\" data-element_type=\"widget\" data-e-type=\"widget\" data-widget_type=\"image.default\">\n\t\t\t\t\t\t\t\t\t\t\t\t\t\t\t<img loading=\"lazy\" decoding=\"async\" width=\"546\" height=\"495\" src=\"https:\/\/www.klozers.com\/wp-content\/uploads\/2021\/11\/B2B-Sales-and-Marketing-Survey.png\" class=\"attachment-large size-large wp-image-16879\" alt=\"\" srcset=\"https:\/\/www.klozers.com\/wp-content\/uploads\/2021\/11\/B2B-Sales-and-Marketing-Survey.png 546w, https:\/\/www.klozers.com\/wp-content\/uploads\/2021\/11\/B2B-Sales-and-Marketing-Survey-300x272.png 300w\" sizes=\"auto, (max-width: 546px) 100vw, 546px\" \/>\t\t\t\t\t\t\t\t\t\t\t\t\t\t\t<\/div>\n\t\t\t\t\t<\/div>\n\t\t<\/div>\n\t\t\t\t\t<\/div>\n\t\t<\/section>\n\t\t\t\t<section class=\"elementor-section elementor-top-section elementor-element elementor-element-6f2814b elementor-section-boxed elementor-section-height-default elementor-section-height-default\" data-id=\"6f2814b\" data-element_type=\"section\" data-e-type=\"section\">\n\t\t\t\t\t\t<div class=\"elementor-container elementor-column-gap-default\">\n\t\t\t\t\t<div class=\"elementor-column elementor-col-100 elementor-top-column elementor-element elementor-element-444d322\" data-id=\"444d322\" data-element_type=\"column\" data-e-type=\"column\">\n\t\t\t<div class=\"elementor-widget-wrap elementor-element-populated\">\n\t\t\t\t\t\t<div class=\"elementor-element elementor-element-7ed9b4d elementor-widget elementor-widget-text-editor\" data-id=\"7ed9b4d\" data-element_type=\"widget\" data-e-type=\"widget\" data-widget_type=\"text-editor.default\">\n\t\t\t\t\t\t\t\t\t<p>[tripetto id=&#8221;1&#8243;]<\/p>\n\t\t\t\t\t\t\t\t<\/div>\n\t\t\t\t\t<\/div>\n\t\t<\/div>\n\t\t\t\t\t<\/div>\n\t\t<\/section>\n\t\t\t\t<\/div>\n\t\t","protected":false},"excerpt":{"rendered":"<p>Inzichten in B2B verkoop en marketing Doe mee aan onze enqu\u00eate over wereldwijde inzichten en krijg gratis toegang tot de resultaten. Anonieme enqu\u00eate De B2B Sales &amp; Marketing enqu\u00eate is volledig anoniem [tripetto id=&#8221;1&#8243;]<\/p>\n","protected":false},"author":2,"featured_media":0,"parent":0,"menu_order":0,"comment_status":"closed","ping_status":"closed","template":"elementor_header_footer","meta":{"_acf_changed":false,"footnotes":""},"class_list":["post-36503","page","type-page","status-publish"],"acf":[],"_links":{"self":[{"href":"https:\/\/www.klozers.com\/nl\/wp-json\/wp\/v2\/pages\/36503","targetHints":{"allow":["GET"]}}],"collection":[{"href":"https:\/\/www.klozers.com\/nl\/wp-json\/wp\/v2\/pages"}],"about":[{"href":"https:\/\/www.klozers.com\/nl\/wp-json\/wp\/v2\/types\/page"}],"author":[{"embeddable":true,"href":"https:\/\/www.klozers.com\/nl\/wp-json\/wp\/v2\/users\/2"}],"replies":[{"embeddable":true,"href":"https:\/\/www.klozers.com\/nl\/wp-json\/wp\/v2\/comments?post=36503"}],"version-history":[{"count":0,"href":"https:\/\/www.klozers.com\/nl\/wp-json\/wp\/v2\/pages\/36503\/revisions"}],"wp:attachment":[{"href":"https:\/\/www.klozers.com\/nl\/wp-json\/wp\/v2\/media?parent=36503"}],"curies":[{"name":"wp","href":"https:\/\/api.w.org\/{rel}","templated":true}]}}